{"id":941,"date":"2015-04-22T20:48:06","date_gmt":"2015-04-22T20:48:06","guid":{"rendered":"https:\/\/www.mandolinehybride.com\/danse-sur-le-web-en-streaming-2\/"},"modified":"2015-04-23T00:21:10","modified_gmt":"2015-04-23T00:21:10","slug":"danse-sur-le-web-en-streaming","status":"publish","type":"page","link":"https:\/\/www.mandolinehybride.com\/en\/danse-sur-le-web-en-streaming\/","title":{"rendered":"Danse sur le web en streaming"},"content":{"rendered":"<div  class='avia-video av-av_video-81471aa5fc96b0f0f687e28a1afec352 avia-video-16-9 av-no-preview-image avia-video-load-always av-lazyload-immediate av-lazyload-video-embed'  itemprop=\"video\" itemtype=\"https:\/\/schema.org\/VideoObject\"  data-original_url='https:\/\/www.youtube.com\/watch?v=Msz1VfinwLk'><script type='text\/html' class='av-video-tmpl'><div class='avia-iframe-wrap'><iframe loading=\"lazy\" width=\"1500\" height=\"844\" src=\"https:\/\/www.youtube.com\/embed\/Msz1VfinwLk?feature=oembed&autoplay=0&loop=0&controls=1&mute=0\" frameborder=\"0\" allowfullscreen><\/iframe><\/div><\/script><div class='av-click-to-play-overlay'><div class=\"avia_playpause_icon\"><\/div><\/div><\/div>\n\n<style type=\"text\/css\" data-created_by=\"avia_inline_auto\" id=\"style-css-av-av_heading-88764c1f8c8ef39138a6ea397a04128b\">\n#top .av-special-heading.av-av_heading-88764c1f8c8ef39138a6ea397a04128b{\npadding-bottom:10px;\n}\nbody .av-special-heading.av-av_heading-88764c1f8c8ef39138a6ea397a04128b .av-special-heading-tag .heading-char{\nfont-size:25px;\n}\n.av-special-heading.av-av_heading-88764c1f8c8ef39138a6ea397a04128b .av-subheading{\nfont-size:15px;\n}\n<\/style>\n<div  class='av-special-heading av-av_heading-88764c1f8c8ef39138a6ea397a04128b av-special-heading-h3  avia-builder-el-1  el_after_av_video  el_before_av_one_half '><h3 class='av-special-heading-tag'  itemprop=\"headline\"  >DANSE SUR LE WEB: courts-m\u00e9trages en streaming<\/h3><div class=\"special-heading-border\"><div class=\"special-heading-inner-border\"><\/div><\/div><\/div>\n<div  class='flex_column av-av_one_half-2a9015ff38129c418a3f2eafba3e9512 av_one_half  avia-builder-el-2  el_after_av_heading  el_before_av_one_half  first flex_column_div  '     ><section  class='av_textblock_section av-av_textblock-0366cc7376be6c9e82a3e9cc8987b64f '   itemscope=\"itemscope\" itemtype=\"https:\/\/schema.org\/CreativeWork\" ><div class='avia_textblock'  itemprop=\"text\" ><p style=\"text-align: justify;\"><span class=\"fsl\">Pour le lancement de son nouveau site web, Mandoline Hybride pr\u00e9sente 5 courts-m\u00e9trages chor\u00e9graphiques de Priscilla Guy diffus\u00e9s en streaming et enrichis de discussions en ligne sur Facebook. En marge de l&#8217;\u00e9v\u00e9nement Qu\u00e9bec Danse, le 22 avril 2015 \u00e0 19h00!<\/span><\/p>\n<p>HORAIRE DE PROJECTION:<\/p>\n<p>19h00 &#8211; Accueil et d\u00e9marrage du fil de discussion FB<br \/>\n19h05 &#8211; <strong>STOP ME IF I RUN<\/strong> (2min54)<br \/>\n19h15 &#8211; <strong>SOUS LES GLACES; TOI<\/strong> (14min15)<br \/>\n19h35 &#8211; <strong>LA TERRE TREMBLE<\/strong> (6min)<br \/>\n20h00 &#8211; <strong>LES FRAGMENTS DE JUSTIN<\/strong> (1min57) <span class=\"text_exposed_show\"><br \/>\n20h10 &#8211; <strong>CORRIDORS<\/strong> (19min37)<br \/>\n21h00 &#8211; Conclusion et fin du fil de discussion FB<\/span><\/p>\n<\/div><\/section><\/div>\n<div  class='flex_column av-av_one_half-52c89597409f646e66e7cc675a5d9b4a av_one_half  avia-builder-el-4  el_after_av_one_half  avia-builder-el-last  flex_column_div  '     ><section  class='av_textblock_section av-av_textblock-0366cc7376be6c9e82a3e9cc8987b64f '   itemscope=\"itemscope\" itemtype=\"https:\/\/schema.org\/CreativeWork\" ><div class='avia_textblock'  itemprop=\"text\" ><p style=\"text-align: justify;\">Retrouvez-nous sur la <a href=\"https:\/\/www.facebook.com\/pages\/Mandoline-Hybride\/358909097469923\" target=\"_blank\" rel=\"noopener\">page Facebook de Mandoline Hybride<\/a> pour participer au fil de discussion! Posez vos questions pour en savoir davantage sur ces cinq courts-m\u00e9trages: les processus de cr\u00e9ation; les collaborations entre interpr\u00e8te, cin\u00e9aste et compositeurs; le travail de montage chor\u00e9graphique, etc..!<\/p>\n<p><a href=\"https:\/\/www.facebook.com\/pages\/Mandoline-Hybride\/358909097469923\" target=\"_blank\" rel=\"noopener\"><img loading=\"lazy\" decoding=\"async\" class=\"aligncenter size-medium wp-image-935\" src=\"https:\/\/www.mandolinehybride.com\/wp-content\/uploads\/Capture-d\u2019e\u0301cran-2015-04-22-a\u0300-16.39.43-300x162.png\" alt=\"Capture d\u2019e\u0301cran 2015-04-22 a\u0300 16.39.43\" width=\"300\" height=\"162\" \/><\/a><\/p>\n<\/div><\/section><\/div>\n","protected":false},"excerpt":{"rendered":"","protected":false},"author":2,"featured_media":0,"parent":0,"menu_order":0,"comment_status":"open","ping_status":"open","template":"","meta":{"footnotes":""},"class_list":["post-941","page","type-page","status-publish","hentry"],"_links":{"self":[{"href":"https:\/\/www.mandolinehybride.com\/en\/wp-json\/wp\/v2\/pages\/941","targetHints":{"allow":["GET"]}}],"collection":[{"href":"https:\/\/www.mandolinehybride.com\/en\/wp-json\/wp\/v2\/pages"}],"about":[{"href":"https:\/\/www.mandolinehybride.com\/en\/wp-json\/wp\/v2\/types\/page"}],"author":[{"embeddable":true,"href":"https:\/\/www.mandolinehybride.com\/en\/wp-json\/wp\/v2\/users\/2"}],"replies":[{"embeddable":true,"href":"https:\/\/www.mandolinehybride.com\/en\/wp-json\/wp\/v2\/comments?post=941"}],"version-history":[{"count":7,"href":"https:\/\/www.mandolinehybride.com\/en\/wp-json\/wp\/v2\/pages\/941\/revisions"}],"predecessor-version":[{"id":954,"href":"https:\/\/www.mandolinehybride.com\/en\/wp-json\/wp\/v2\/pages\/941\/revisions\/954"}],"wp:attachment":[{"href":"https:\/\/www.mandolinehybride.com\/en\/wp-json\/wp\/v2\/media?parent=941"}],"curies":[{"name":"wp","href":"https:\/\/api.w.org\/{rel}","templated":true}]}}